{"id":110,"date":"2020-01-13T11:17:52","date_gmt":"2020-01-13T11:17:52","guid":{"rendered":"https:\/\/demosites.io\/web-agency-gb\/?page_id=5"},"modified":"2024-10-29T14:19:10","modified_gmt":"2024-10-29T13:19:10","slug":"15c42-web-agency-gb-home","status":"publish","type":"page","link":"https:\/\/dsi-touch.com\/","title":{"rendered":"Accueil"},"content":{"rendered":"\n<div id=\"wp-block-themeisle-blocks-advanced-columns-512cc8e9\" class=\"wp-block-themeisle-blocks-advanced-columns alignfull has-1-columns has-desktop-equal-layout has-tablet-equal-layout has-mobile-equal-layout has-vertical-center\"><div class=\"wp-block-themeisle-blocks-advanced-columns-overlay\"><\/div><div class=\"innerblocks-wrap\">\n<div id=\"wp-block-themeisle-blocks-advanced-column-d0923845\" class=\"wp-block-themeisle-blocks-advanced-column ticss-772a8d7e\"><div class=\"wp-block-image wp-block-image aligncenter size-full is-resized animated zoomIn is-style-default delay-200ms\">\n<figure class=\"has-custom-border\"><img loading=\"lazy\" decoding=\"async\" width=\"500\" height=\"500\" src=\"https:\/\/dsi-touch.com\/wp-content\/uploads\/2024\/10\/Logo-Dsi-Touch-V2.png\" alt=\"\" class=\"wp-image-640\" style=\"border-width:5px;border-radius:78px\" srcset=\"https:\/\/dsi-touch.com\/wp-content\/uploads\/2024\/10\/Logo-Dsi-Touch-V2.png 500w, https:\/\/dsi-touch.com\/wp-content\/uploads\/2024\/10\/Logo-Dsi-Touch-V2-300x300.png 300w, https:\/\/dsi-touch.com\/wp-content\/uploads\/2024\/10\/Logo-Dsi-Touch-V2-150x150.png 150w\" sizes=\"auto, (max-width: 500px) 100vw, 500px\" \/><\/figure>\n<\/div>\n\n\n<p><\/p>\n\n\n\n<p><\/p>\n\n\n\n<p class=\"has-text-align-center has-nv-dark-bg-color has-text-color has-link-color wp-elements-b442bc9a1b593f81671c223996647cc7\" style=\"font-size:27px\"><strong>L&rsquo;informatique est aujourd&rsquo;hui au coeur de l&rsquo;ensemble de nos processus m\u00e9tiers.<\/strong><\/p>\n\n\n\n<p class=\"has-text-align-center has-neve-text-color-color has-text-color has-link-color wp-elements-311ca5c38df4b906f49b349733305b4f\" style=\"font-size:27px\"><strong>DSI-Touch accompagne les entreprises, collectivit\u00e9s et associations dans leur transformation digitale et informatique<\/strong><\/p>\n<\/div>\n<\/div><\/div>\n\n\n\n<div id=\"wp-block-themeisle-blocks-advanced-columns-d68eee3c\" class=\"wp-block-themeisle-blocks-advanced-columns alignfull has-3-columns has-desktop-equal-layout has-tablet-equal-layout has-mobile-collapsedRows-layout has-vertical-center animated fadeInUp has-light-bg\"><div class=\"wp-block-themeisle-blocks-advanced-columns-overlay\"><\/div><div class=\"innerblocks-wrap\">\n<div id=\"wp-block-themeisle-blocks-advanced-column-80f0db44\" class=\"wp-block-themeisle-blocks-advanced-column has-light-bg\">\n<div class=\"wp-block-themeisle-blocks-service\">\n<p><\/p>\n\n\n<div class=\"wp-block-image\">\n<figure class=\"aligncenter size-large\"><img loading=\"lazy\" decoding=\"async\" width=\"80\" height=\"73\" src=\"http:\/\/dsi-touch.com\/wp-content\/uploads\/2020\/07\/Logo_Infoge\u0301rence.png\" alt=\"\" class=\"wp-image-515\"\/><\/figure>\n<\/div>\n\n\n<h3 id=\"wp-block-themeisle-blocks-advanced-heading-9ce62e7d\" class=\"wp-block-themeisle-blocks-advanced-heading wp-block-themeisle-blocks-advanced-heading-9ce62e7d\">INFOGERANCE<\/h3>\n\n\n\n<p id=\"wp-block-themeisle-blocks-advanced-heading-f93ba47b\" class=\"wp-block-themeisle-blocks-advanced-heading wp-block-themeisle-blocks-advanced-heading-f93ba47b\">Confiez la gestion quotidienne de votre syst\u00e8me d&rsquo;information \u00e0 des experts informatiques pour assurer sa disponibilit\u00e9, vous recentrer sur votre m\u00e9tier et b\u00e9n\u00e9ficier de conseils \u00e0 l&rsquo;\u00e9volution de votre informatique d&rsquo;entreprise.<\/p>\n\n\n\n<p><\/p>\n<\/div>\n<\/div>\n\n\n\n<div id=\"wp-block-themeisle-blocks-advanced-column-75651b0e\" class=\"wp-block-themeisle-blocks-advanced-column\"><div class=\"wp-block-image\">\n<figure class=\"aligncenter size-large\"><img loading=\"lazy\" decoding=\"async\" width=\"80\" height=\"73\" src=\"http:\/\/dsi-touch.com\/wp-content\/uploads\/2020\/07\/Logo_He\u0301bergement.png\" alt=\"\" class=\"wp-image-514\"\/><\/figure>\n<\/div>\n\n\n<h3 id=\"wp-block-themeisle-blocks-advanced-heading-e574c793\" class=\"wp-block-themeisle-blocks-advanced-heading wp-block-themeisle-blocks-advanced-heading-e574c793\">EXTERNALISATION<\/h3>\n\n\n\n<p id=\"wp-block-themeisle-blocks-advanced-heading-77ddd0de\" class=\"wp-block-themeisle-blocks-advanced-heading wp-block-themeisle-blocks-advanced-heading-77ddd0de\">H\u00e9berger tout ou partie de votre syst\u00e8me d&rsquo;information (serveur, applicatif m\u00e9tier, messagerie&#8230;) pour garantir la disponibilit\u00e9 du service \u00e0 vos collaborateurs et b\u00e9n\u00e9ficier d&rsquo;une s\u00e9curisation maximale.<\/p>\n<\/div>\n\n\n\n<div id=\"wp-block-themeisle-blocks-advanced-column-27094f67\" class=\"wp-block-themeisle-blocks-advanced-column\"><div class=\"wp-block-image\">\n<figure class=\"aligncenter size-large\"><img loading=\"lazy\" decoding=\"async\" width=\"80\" height=\"73\" src=\"http:\/\/dsi-touch.com\/wp-content\/uploads\/2020\/07\/Logo_Se\u0301curite\u0301.png\" alt=\"\" class=\"wp-image-513\"\/><\/figure>\n<\/div>\n\n\n<h3 id=\"wp-block-themeisle-blocks-advanced-heading-868c0873\" class=\"wp-block-themeisle-blocks-advanced-heading wp-block-themeisle-blocks-advanced-heading-868c0873\">SECURITE<\/h3>\n\n\n\n<p id=\"wp-block-themeisle-blocks-advanced-heading-a1a200dc\" class=\"wp-block-themeisle-blocks-advanced-heading wp-block-themeisle-blocks-advanced-heading-a1a200dc\">Prot\u00e9ger votre syst\u00e8me et votre r\u00e9seau informatique gr\u00e2ce \u00e0 un ensemble de services manag\u00e9s : anti-intrusion, pr\u00e9vention perte de donn\u00e9es, pare-feu dynamique, contr\u00f4le de la navigation&#8230;<\/p>\n<\/div>\n<\/div><\/div>\n\n\n\n<div id=\"wp-block-themeisle-blocks-advanced-columns-ad20c616\" class=\"wp-block-themeisle-blocks-advanced-columns alignfull has-2-columns has-desktop-equal-layout has-tablet-equal-layout has-mobile-collapsedRows-layout has-vertical-center animated slideInRight has-light-bg\"><div class=\"wp-block-themeisle-blocks-advanced-columns-overlay\"><\/div><div class=\"innerblocks-wrap\">\n<div id=\"wp-block-themeisle-blocks-advanced-column-03d02eeb\" class=\"wp-block-themeisle-blocks-advanced-column\">\n<figure class=\"wp-block-image size-large is-style-default\"><img loading=\"lazy\" decoding=\"async\" width=\"1024\" height=\"640\" src=\"http:\/\/dsi-touch.com\/wp-content\/uploads\/2020\/07\/PHOTO2-1024x640.jpg\" alt=\"\" class=\"wp-image-546\" srcset=\"https:\/\/dsi-touch.com\/wp-content\/uploads\/2020\/07\/PHOTO2-1024x640.jpg 1024w, https:\/\/dsi-touch.com\/wp-content\/uploads\/2020\/07\/PHOTO2-300x188.jpg 300w, https:\/\/dsi-touch.com\/wp-content\/uploads\/2020\/07\/PHOTO2-768x480.jpg 768w, https:\/\/dsi-touch.com\/wp-content\/uploads\/2020\/07\/PHOTO2-600x375.jpg 600w, https:\/\/dsi-touch.com\/wp-content\/uploads\/2020\/07\/PHOTO2.jpg 1080w\" sizes=\"auto, (max-width: 1024px) 100vw, 1024px\" \/><\/figure>\n<\/div>\n\n\n\n<div id=\"wp-block-themeisle-blocks-advanced-column-cb2b8741\" class=\"wp-block-themeisle-blocks-advanced-column ticss-44eccd86\">\n<h2 class=\"wp-block-heading\">Notre offre :<\/h2>\n\n\n\n<h3 class=\"wp-block-heading\">Audit, conseil, gestion de projet.<\/h3>\n\n\n\n<ul class=\"wp-block-list\">\n<li>Diagnostic,&nbsp;<strong>conseil<\/strong>,&nbsp;accompagnement au pilotage de votre syst\u00e8me d\u2019information<\/li>\n\n\n\n<li>Alignement de vos outils informatiques sur votre strat\u00e9gie d\u2019entreprise<\/li>\n\n\n\n<li>\u00c9volution de votre SI<\/li>\n\n\n\n<li>Mise en place de nouveaux outils et solutions num\u00e9riques<\/li>\n\n\n\n<li>Conduite de changement<\/li>\n\n\n\n<li>Optimisation des co\u00fbts<\/li>\n\n\n\n<li>Aide dans le lancement d\u2019appels d\u2019offres et la s\u00e9lection des fournisseurs<\/li>\n<\/ul>\n\n\n\n<p><\/p>\n<\/div>\n<\/div><\/div>\n\n\n\n<div id=\"wp-block-themeisle-blocks-advanced-columns-5e6f3a8e\" class=\"wp-block-themeisle-blocks-advanced-columns alignfull has-2-columns has-desktop-equal-layout has-tablet-equal-layout has-mobile-collapsedRows-layout has-vertical-center animated slideInLeft\"><div class=\"wp-block-themeisle-blocks-advanced-columns-overlay\"><\/div><div class=\"innerblocks-wrap\">\n<div id=\"wp-block-themeisle-blocks-advanced-column-4949e572\" class=\"wp-block-themeisle-blocks-advanced-column has-light-bg\">\n<h2 class=\"wp-block-heading\">Int\u00e9gration syst\u00e8me et r\u00e9seaux<\/h2>\n\n\n\n<p>B\u00e9n\u00e9ficiez de l&rsquo;expertise d&rsquo;un prestataire de services informatiques pour la conception et le d\u00e9ploiement d&rsquo;architectures informatiques conformes \u00e0 vos besoins et une gestion de votre parc informatique optimis\u00e9e.<\/p>\n<\/div>\n\n\n\n<div id=\"wp-block-themeisle-blocks-advanced-column-372f2dc9\" class=\"wp-block-themeisle-blocks-advanced-column\">\n<figure class=\"wp-block-image size-large is-style-default\"><img loading=\"lazy\" decoding=\"async\" width=\"1024\" height=\"640\" src=\"http:\/\/dsi-touch.com\/wp-content\/uploads\/2020\/07\/photo3-1024x640.jpg\" alt=\"\" class=\"wp-image-545\" srcset=\"https:\/\/dsi-touch.com\/wp-content\/uploads\/2020\/07\/photo3-1024x640.jpg 1024w, https:\/\/dsi-touch.com\/wp-content\/uploads\/2020\/07\/photo3-300x188.jpg 300w, https:\/\/dsi-touch.com\/wp-content\/uploads\/2020\/07\/photo3-768x480.jpg 768w, https:\/\/dsi-touch.com\/wp-content\/uploads\/2020\/07\/photo3-600x375.jpg 600w, https:\/\/dsi-touch.com\/wp-content\/uploads\/2020\/07\/photo3.jpg 1080w\" sizes=\"auto, (max-width: 1024px) 100vw, 1024px\" \/><\/figure>\n<\/div>\n<\/div><\/div>\n\n\n\n<div id=\"wp-block-themeisle-blocks-advanced-columns-04f594d2\" class=\"wp-block-themeisle-blocks-advanced-columns alignfull has-2-columns has-desktop-equal-layout has-tablet-equal-layout has-mobile-collapsedRows-layout has-vertical-center has-dark-bg\"><div class=\"wp-block-themeisle-blocks-advanced-columns-overlay\"><\/div><div class=\"innerblocks-wrap\">\n<div id=\"wp-block-themeisle-blocks-advanced-column-926e7050\" class=\"wp-block-themeisle-blocks-advanced-column\">\n<figure class=\"wp-block-image size-large is-style-default\"><img loading=\"lazy\" decoding=\"async\" width=\"512\" height=\"320\" src=\"http:\/\/dsi-touch.com\/wp-content\/uploads\/2020\/07\/photo4.jpg\" alt=\"\" class=\"wp-image-544\" srcset=\"https:\/\/dsi-touch.com\/wp-content\/uploads\/2020\/07\/photo4.jpg 512w, https:\/\/dsi-touch.com\/wp-content\/uploads\/2020\/07\/photo4-300x188.jpg 300w\" sizes=\"auto, (max-width: 512px) 100vw, 512px\" \/><\/figure>\n<\/div>\n\n\n\n<div id=\"wp-block-themeisle-blocks-advanced-column-00c5b9c2\" class=\"wp-block-themeisle-blocks-advanced-column\">\n<h2 class=\"wp-block-heading has-white-color has-text-color\">Syst\u00e8me d&rsquo;information<\/h2>\n\n\n\n<h3 class=\"wp-block-heading has-white-color has-text-color\">Apr\u00e8s un \u00e9tat des lieux, technique, organisationnel et budg\u00e9taire, nous d\u00e9finissons ensemble votre plan d\u2019action.<\/h3>\n\n\n\n<p><\/p>\n<\/div>\n<\/div><\/div>\n\n\n\n<div id=\"wp-block-themeisle-blocks-advanced-columns-d84c2865\" class=\"wp-block-themeisle-blocks-advanced-columns alignfull has-1-columns has-desktop-equal-layout has-tablet-equal-layout has-mobile-equal-layout has-vertical-center has-light-bg\"><div class=\"wp-block-themeisle-blocks-advanced-columns-overlay\"><\/div><div class=\"innerblocks-wrap\">\n<div id=\"wp-block-themeisle-blocks-advanced-column-78782a0c\" class=\"wp-block-themeisle-blocks-advanced-column\">\n<div class=\"wp-block-themeisle-blocks-testimonials\"><div class=\"wp-block-image is-style-circle-mask\">\n<figure class=\"aligncenter size-large is-resized\"><img loading=\"lazy\" decoding=\"async\" width=\"1024\" height=\"627\" src=\"http:\/\/dsi-touch.com\/wp-content\/uploads\/2020\/07\/photo5-1024x627.jpg\" alt=\"\" class=\"wp-image-551\" style=\"width:393px;height:240px\" srcset=\"https:\/\/dsi-touch.com\/wp-content\/uploads\/2020\/07\/photo5-1024x627.jpg 1024w, https:\/\/dsi-touch.com\/wp-content\/uploads\/2020\/07\/photo5-300x184.jpg 300w, https:\/\/dsi-touch.com\/wp-content\/uploads\/2020\/07\/photo5-768x470.jpg 768w, https:\/\/dsi-touch.com\/wp-content\/uploads\/2020\/07\/photo5-1536x940.jpg 1536w, https:\/\/dsi-touch.com\/wp-content\/uploads\/2020\/07\/photo5-2048x1254.jpg 2048w, https:\/\/dsi-touch.com\/wp-content\/uploads\/2020\/07\/photo5-600x367.jpg 600w\" sizes=\"auto, (max-width: 1024px) 100vw, 1024px\" \/><figcaption class=\"wp-element-caption\">.<\/figcaption><\/figure>\n<\/div>\n\n\n<h3 class=\"wp-block-heading has-text-align-center\">L\u2019AUDIT DE VOTRE INFRASTRUCTURE INFORMATIQUE,<br><strong>1\u00c8RE \u00c9TAPE DE L\u2019OPTIMISATION<\/strong><\/h3>\n\n\n\n<p><strong>Vous subissez des probl\u00e8mes d\u2019instabilit\u00e9 voire de fiabilit\u00e9 avec votre informatique&nbsp;?<\/strong>&nbsp;Vos utilisateurs vous remontent des dysfonctionnements, probl\u00e8mes de lenteurs&nbsp;ou autres d\u00e9sagr\u00e9ments ? Vous avez des doutes sur la s\u00e9curit\u00e9 de vos serveurs ou de vos donn\u00e9es&nbsp;? Vous envisagez d\u2019am\u00e9liorer votre infrastructure sans forc\u00e9ment savoir sur quel poste budg\u00e9taire il est le plus pertinent d\u2019agir&nbsp;? Vous n\u2019\u00eates pas s\u00fbr d\u2019\u00eatre bien conseill\u00e9&nbsp;sur vos choix d\u2019architecture pour le futur ?<\/p>\n\n\n\n<p><strong>Il est peut-\u00eatre temps de r\u00e9aliser un \u00e9tat des lieux complet de votre infrastructure informatique gr\u00e2ce \u00e0 un audit\u2026<\/strong><\/p>\n<\/div>\n<\/div>\n<\/div><\/div>\n\n\n\n<div id=\"wp-block-themeisle-blocks-advanced-columns-b3525c80\" class=\"wp-block-themeisle-blocks-advanced-columns alignfull has-1-columns has-desktop-equal-layout has-tablet-equal-layout has-mobile-equal-layout has-vertical-center has-dark-bg\"><div class=\"wp-block-themeisle-blocks-advanced-columns-overlay\"><\/div><div class=\"innerblocks-wrap\">\n<div id=\"wp-block-themeisle-blocks-advanced-column-9d431006\" class=\"wp-block-themeisle-blocks-advanced-column\">\n<h2 class=\"wp-block-heading has-text-align-center has-white-color has-text-color\">Travaillons ensemble sur votre prochain projet !<\/h2>\n\n\n\n<p class=\"has-text-align-center has-white-color has-text-color has-medium-font-size\"><\/p>\n\n\n\n<p class=\"has-text-align-center has-white-color has-text-color has-medium-font-size\"><strong>Formulaire de demande de contact<\/strong><\/p>\n\n\n\n<p><\/p>\n\n\n<div class=\"wpforms-container wpforms-container-full wpforms-block wpforms-block-ac8c20bb-2447-45c0-adb2-c398b0452261\" id=\"wpforms-578\"><form id=\"wpforms-form-578\" class=\"wpforms-validate wpforms-form wpforms-ajax-form\" data-formid=\"578\" method=\"post\" enctype=\"multipart\/form-data\" action=\"\/index.php\/wp-json\/wp\/v2\/pages\/110\" data-token=\"0f05cea45eaa82c665bea792887a461f\" data-token-time=\"1776372794\"><noscript class=\"wpforms-error-noscript\">Veuillez activer JavaScript dans votre navigateur pour remplir ce formulaire.<\/noscript><div class=\"wpforms-field-container\"><div id=\"wpforms-578-field_1-container\" class=\"wpforms-field wpforms-field-name\" data-field-id=\"1\"><label class=\"wpforms-field-label\">Nom <span class=\"wpforms-required-label\">*<\/span><\/label><div class=\"wpforms-field-row wpforms-field-medium\"><div class=\"wpforms-field-row-block wpforms-first wpforms-one-half\"><input type=\"text\" id=\"wpforms-578-field_1\" class=\"wpforms-field-name-first wpforms-field-required\" name=\"wpforms[fields][1][first]\" required><label for=\"wpforms-578-field_1\" class=\"wpforms-field-sublabel after\">Pr\u00e9nom<\/label><\/div><div class=\"wpforms-field-row-block wpforms-one-half\"><input type=\"text\" id=\"wpforms-578-field_1-last\" class=\"wpforms-field-name-last wpforms-field-required\" name=\"wpforms[fields][1][last]\" required><label for=\"wpforms-578-field_1-last\" class=\"wpforms-field-sublabel after\">Nom<\/label><\/div><\/div><\/div><div id=\"wpforms-578-field_2-container\" class=\"wpforms-field wpforms-field-text\" data-field-id=\"2\"><label class=\"wpforms-field-label\" for=\"wpforms-578-field_2\">Soci\u00e9t\u00e9<\/label><input type=\"text\" id=\"wpforms-578-field_2\" class=\"wpforms-field-medium\" name=\"wpforms[fields][2]\" ><\/div><div id=\"wpforms-578-field_4-container\" class=\"wpforms-field wpforms-field-text\" data-field-id=\"4\"><label class=\"wpforms-field-label\" for=\"wpforms-578-field_4\">T\u00e9l\u00e9phone <span class=\"wpforms-required-label\">*<\/span><\/label><input type=\"text\" id=\"wpforms-578-field_4\" class=\"wpforms-field-medium wpforms-field-required\" name=\"wpforms[fields][4]\" required><\/div><div id=\"wpforms-578-field_3-container\" class=\"wpforms-field wpforms-field-email\" data-field-id=\"3\"><label class=\"wpforms-field-label\" for=\"wpforms-578-field_3\">E-mail <span class=\"wpforms-required-label\">*<\/span><\/label><input type=\"email\" id=\"wpforms-578-field_3\" class=\"wpforms-field-medium wpforms-field-required\" name=\"wpforms[fields][3]\" spellcheck=\"false\" required><\/div><\/div><!-- .wpforms-field-container --><div class=\"wpforms-field wpforms-field-hp\"><label for=\"wpforms-578-field-hp\" class=\"wpforms-field-label\">Comment<\/label><input type=\"text\" name=\"wpforms[hp]\" id=\"wpforms-578-field-hp\" class=\"wpforms-field-medium\"><\/div><div class=\"wpforms-recaptcha-container wpforms-is-recaptcha wpforms-is-recaptcha-type-v2\" ><div class=\"g-recaptcha\" data-sitekey=\"6LdPELAZAAAAAOT0OhNovmlDIZiG-MyFv0cRQIyS\"><\/div><input type=\"text\" name=\"g-recaptcha-hidden\" class=\"wpforms-recaptcha-hidden\" style=\"position:absolute!important;clip:rect(0,0,0,0)!important;height:1px!important;width:1px!important;border:0!important;overflow:hidden!important;padding:0!important;margin:0!important;\" data-rule-recaptcha=\"1\"><\/div><div class=\"wpforms-submit-container\" ><input type=\"hidden\" name=\"wpforms[id]\" value=\"578\"><input type=\"hidden\" name=\"page_title\" value=\"\"><input type=\"hidden\" name=\"page_url\" value=\"https:\/\/dsi-touch.com\/index.php\/wp-json\/wp\/v2\/pages\/110\"><input type=\"hidden\" name=\"url_referer\" value=\"\"><button type=\"submit\" name=\"wpforms[submit]\" id=\"wpforms-submit-578\" class=\"wpforms-submit\" data-alt-text=\"Envoi...\" data-submit-text=\"Envoyer\" aria-live=\"assertive\" value=\"wpforms-submit\">Envoyer<\/button><img loading=\"lazy\" decoding=\"async\" src=\"https:\/\/dsi-touch.com\/wp-content\/plugins\/wpforms-lite\/assets\/images\/submit-spin.svg\" class=\"wpforms-submit-spinner\" style=\"display: none;\" width=\"26\" height=\"26\" alt=\"Chargement en cours\"><\/div><\/form><\/div>  <!-- .wpforms-container --><\/div>\n<\/div><\/div>\n\n\n\n<p><\/p>\n","protected":false},"excerpt":{"rendered":"","protected":false},"author":1,"featured_media":643,"parent":0,"menu_order":0,"comment_status":"closed","ping_status":"closed","template":"","meta":{"neve_meta_sidebar":"full-width","neve_meta_container":"contained","neve_meta_enable_content_width":"off","neve_meta_content_width":30,"neve_meta_title_alignment":"","neve_meta_author_avatar":"","neve_post_elements_order":"","neve_meta_disable_header":"","neve_meta_disable_footer":"","neve_meta_disable_title":"on","_themeisle_gutenberg_block_has_review":false,"footnotes":""},"class_list":["post-110","page","type-page","status-publish","has-post-thumbnail","hentry"],"_links":{"self":[{"href":"https:\/\/dsi-touch.com\/index.php\/wp-json\/wp\/v2\/pages\/110","targetHints":{"allow":["GET"]}}],"collection":[{"href":"https:\/\/dsi-touch.com\/index.php\/wp-json\/wp\/v2\/pages"}],"about":[{"href":"https:\/\/dsi-touch.com\/index.php\/wp-json\/wp\/v2\/types\/page"}],"author":[{"embeddable":true,"href":"https:\/\/dsi-touch.com\/index.php\/wp-json\/wp\/v2\/users\/1"}],"replies":[{"embeddable":true,"href":"https:\/\/dsi-touch.com\/index.php\/wp-json\/wp\/v2\/comments?post=110"}],"version-history":[{"count":51,"href":"https:\/\/dsi-touch.com\/index.php\/wp-json\/wp\/v2\/pages\/110\/revisions"}],"predecessor-version":[{"id":664,"href":"https:\/\/dsi-touch.com\/index.php\/wp-json\/wp\/v2\/pages\/110\/revisions\/664"}],"wp:featuredmedia":[{"embeddable":true,"href":"https:\/\/dsi-touch.com\/index.php\/wp-json\/wp\/v2\/media\/643"}],"wp:attachment":[{"href":"https:\/\/dsi-touch.com\/index.php\/wp-json\/wp\/v2\/media?parent=110"}],"curies":[{"name":"wp","href":"https:\/\/api.w.org\/{rel}","templated":true}]}}